{"id":25,"date":"2017-11-05T14:20:34","date_gmt":"2017-11-05T14:20:34","guid":{"rendered":"https:\/\/montjon.com\/wordpress\/?page_id=25"},"modified":"2017-11-05T14:20:34","modified_gmt":"2017-11-05T14:20:34","slug":"commander-du-vin","status":"publish","type":"page","link":"https:\/\/montjon.com\/index.php\/commander-du-vin\/","title":{"rendered":"Commander du vin"},"content":{"rendered":"<p><img loading=\"lazy\" decoding=\"async\" class=\"size-medium wp-image-10 alignleft\" src=\"https:\/\/montjon.com\/wordpress\/wp-content\/uploads\/2017\/11\/bouteille-1-162x300.jpg\" alt=\"\" width=\"162\" height=\"300\" \/><\/p>\n<p>Si vous voulez commander du vin, vous pouvez nous joindre par e.mail : info@montjon.com<br \/>ou par t\u00e9l\u00e9phone au 05 56 06 06 50.<\/p>\n<p>Vous pouvez \u00e9galement consulter les tarifs et calculer d\u00e8s \u00e0 pr\u00e9sent le montant total de votre commande en utilisant le tableau ci-dessous.<\/p>\n<p>6 bouteilles offertes pour 120 bouteilles command\u00e9es!<\/p>\n<p style=\"text-align: center;\"><strong><span style=\"color: #800000;\"><em>Attention ! Plus de livraison \u00e0 partir du 16-08-2021 (enl\u00e8vement \u00e0 la propri\u00e9t\u00e9 seulement).<\/em><\/span><\/strong><\/p>\n\n\n","protected":false},"excerpt":{"rendered":"<p>Si vous voulez commander du vin, vous pouvez nous joindre par e.mail : info@montjon.comou par t\u00e9l\u00e9phone au 05 56 06 06 50. Vous pouvez \u00e9galement consulter les tarifs et calculer d\u00e8s \u00e0 pr\u00e9sent le montant total de votre commande en utilisant le tableau ci-dessous. 6 bouteilles offertes pour 120 bouteilles command\u00e9es! Attention ! Plus de [&hellip;]<\/p>\n","protected":false},"author":1,"featured_media":0,"parent":0,"menu_order":0,"comment_status":"closed","ping_status":"closed","template":"","meta":{"footnotes":""},"class_list":["post-25","page","type-page","status-publish","hentry"],"_links":{"self":[{"href":"https:\/\/montjon.com\/index.php\/wp-json\/wp\/v2\/pages\/25","targetHints":{"allow":["GET"]}}],"collection":[{"href":"https:\/\/montjon.com\/index.php\/wp-json\/wp\/v2\/pages"}],"about":[{"href":"https:\/\/montjon.com\/index.php\/wp-json\/wp\/v2\/types\/page"}],"author":[{"embeddable":true,"href":"https:\/\/montjon.com\/index.php\/wp-json\/wp\/v2\/users\/1"}],"replies":[{"embeddable":true,"href":"https:\/\/montjon.com\/index.php\/wp-json\/wp\/v2\/comments?post=25"}],"version-history":[{"count":0,"href":"https:\/\/montjon.com\/index.php\/wp-json\/wp\/v2\/pages\/25\/revisions"}],"wp:attachment":[{"href":"https:\/\/montjon.com\/index.php\/wp-json\/wp\/v2\/media?parent=25"}],"curies":[{"name":"wp","href":"https:\/\/api.w.org\/{rel}","templated":true}]}}