{"id":18,"date":"2017-11-05T14:17:41","date_gmt":"2017-11-05T14:17:41","guid":{"rendered":"https:\/\/montjon.com\/wordpress\/?page_id=18"},"modified":"2017-11-05T14:17:41","modified_gmt":"2017-11-05T14:17:41","slug":"a-propos-de-lexploitation","status":"publish","type":"page","link":"https:\/\/montjon.com\/index.php\/a-propos-de-lexploitation\/","title":{"rendered":"\u00c0 propos de l&rsquo;exploitation"},"content":{"rendered":"\n<div class=\"wp-block-columns is-layout-flex wp-container-core-columns-is-layout-9d6595d7 wp-block-columns-is-layout-flex\">\n<div class=\"wp-block-column is-layout-flow wp-block-column-is-layout-flow\">\n<figure class=\"wp-block-image size-large is-resized is-style-default\"><img loading=\"lazy\" decoding=\"async\" src=\"https:\/\/montjon.com\/wordpress\/wp-content\/uploads\/2017\/11\/vendanges.jpg\" alt=\"\" class=\"wp-image-20\" width=\"321\" height=\"220\"\/><\/figure>\n<\/div>\n\n\n\n<div class=\"wp-block-column is-vertically-aligned-center is-layout-flow wp-block-column-is-layout-flow\" style=\"flex-basis:50%\">\n<p>Entre Dordogne et Garonne, \u00e0 une dizaine de kilom\u00e8tres au nord de Bordeaux, le vignoble du Ch\u00e2teau Montjon le Gravier est plant\u00e9 sur les hauts d\u2019un petit mont de terre riche en grave.<\/p>\n<\/div>\n<\/div>\n\n\n\n<div class=\"wp-block-columns is-layout-flex wp-container-core-columns-is-layout-9d6595d7 wp-block-columns-is-layout-flex\">\n<div class=\"wp-block-column is-layout-flow wp-block-column-is-layout-flow\" style=\"flex-basis:50%\">\n<div class=\"wp-block-columns is-layout-flex wp-container-core-columns-is-layout-9d6595d7 wp-block-columns-is-layout-flex\">\n<div class=\"wp-block-column is-layout-flow wp-block-column-is-layout-flow\" style=\"flex-basis:66.66%\">\n<p class=\"has-text-align-left\"><strong>Superficie<\/strong>: 1 ha.55 a.<br><br><strong>C\u00e9pages<\/strong>:<br>&#8211; Merlot 65%<br>&#8211; Cabernet Franc 5%<br>&#8211; Cabernet Sauvignon 30%<\/p>\n\n\n\n<p><strong>Travail de la vigne:<\/strong><\/p>\n\n\n\n<ul class=\"wp-block-list\"><li>Ebourgeonnage,<\/li><li>Epamprage,<\/li><li>Relevage<\/li><li>Vendange verte,<\/li><li>Effeuillage,<\/li><li>Vendanges manuelles et s\u00e9lectives<\/li><\/ul>\n\n\n\n<p><strong>Rendement:<\/strong> \u00b1 45 hl\/ha.<\/p>\n<\/div>\n<\/div>\n<\/div>\n\n\n\n<div class=\"wp-block-column is-layout-flow wp-block-column-is-layout-flow\" style=\"flex-basis:50%\">\n<div class=\"wp-block-image is-style-default\"><figure class=\"alignleft size-large\"><img decoding=\"async\" src=\"https:\/\/montjon.com\/wordpress\/wp-content\/uploads\/2017\/11\/cropped-grappes-768x1024.jpg\" alt=\"\" class=\"wp-image-30\"\/><\/figure><\/div>\n<\/div>\n<\/div>\n","protected":false},"excerpt":{"rendered":"<p>Entre Dordogne et Garonne, \u00e0 une dizaine de kilom\u00e8tres au nord de Bordeaux, le vignoble du Ch\u00e2teau Montjon le Gravier est plant\u00e9 sur les hauts d\u2019un petit mont de terre riche en grave. Superficie: 1 ha.55 a. C\u00e9pages:&#8211; Merlot 65%&#8211; Cabernet Franc 5%&#8211; Cabernet Sauvignon 30% Travail de la vigne: Ebourgeonnage, Epamprage, Relevage Vendange verte, [&hellip;]<\/p>\n","protected":false},"author":1,"featured_media":0,"parent":0,"menu_order":0,"comment_status":"closed","ping_status":"closed","template":"page-full-width.php","meta":{"footnotes":""},"class_list":["post-18","page","type-page","status-publish","hentry"],"_links":{"self":[{"href":"https:\/\/montjon.com\/index.php\/wp-json\/wp\/v2\/pages\/18","targetHints":{"allow":["GET"]}}],"collection":[{"href":"https:\/\/montjon.com\/index.php\/wp-json\/wp\/v2\/pages"}],"about":[{"href":"https:\/\/montjon.com\/index.php\/wp-json\/wp\/v2\/types\/page"}],"author":[{"embeddable":true,"href":"https:\/\/montjon.com\/index.php\/wp-json\/wp\/v2\/users\/1"}],"replies":[{"embeddable":true,"href":"https:\/\/montjon.com\/index.php\/wp-json\/wp\/v2\/comments?post=18"}],"version-history":[{"count":0,"href":"https:\/\/montjon.com\/index.php\/wp-json\/wp\/v2\/pages\/18\/revisions"}],"wp:attachment":[{"href":"https:\/\/montjon.com\/index.php\/wp-json\/wp\/v2\/media?parent=18"}],"curies":[{"name":"wp","href":"https:\/\/api.w.org\/{rel}","templated":true}]}}